{"id":528,"date":"2025-05-05T08:41:14","date_gmt":"2025-05-05T08:41:14","guid":{"rendered":"https:\/\/gamcaafrica.com\/?page_id=528"},"modified":"2025-05-08T05:22:08","modified_gmt":"2025-05-08T05:22:08","slug":"about-us","status":"publish","type":"page","link":"https:\/\/gamcaafrica.com\/fr\/about-us\/","title":{"rendered":"\u00c0 propos de nous"},"content":{"rendered":"<div data-elementor-type=\"wp-page\" data-elementor-id=\"528\" class=\"elementor elementor-528\" data-elementor-post-type=\"page\">\n\t\t\t\t<div class=\"elementor-element elementor-element-59eaee80 e-flex e-con-boxed e-con e-parent\" data-id=\"59eaee80\" data-element_type=\"container\" data-settings=\"{&quot;background_background&quot;:&quot;classic&quot;}\">\n\t\t\t\t\t<div class=\"e-con-inner\">\n\t\t<div class=\"elementor-element elementor-element-5b34c7dc e-flex e-con-boxed e-con e-child\" data-id=\"5b34c7dc\" data-element_type=\"container\" data-settings=\"{&quot;background_background&quot;:&quot;classic&quot;}\">\n\t\t\t\t\t<div class=\"e-con-inner\">\n\t\t\t\t<div class=\"elementor-element elementor-element-66c1906a elementor-invisible elementor-widget elementor-widget-heading\" data-id=\"66c1906a\" data-element_type=\"widget\" data-settings=\"{&quot;_animation&quot;:&quot;fadeInDown&quot;,&quot;_animation_delay&quot;:200}\" data-widget_type=\"heading.default\">\n\t\t\t\t<div class=\"elementor-widget-container\">\n\t\t\t\t\t<h1 class=\"elementor-heading-title elementor-size-default\">\u00c0 propos de nous<\/h1>\t\t\t\t<\/div>\n\t\t\t\t<\/div>\n\t\t\t\t\t<\/div>\n\t\t\t\t<\/div>\n\t\t\t\t\t<\/div>\n\t\t\t\t<\/div>\n\t\t<div class=\"elementor-element elementor-element-37bef951 e-flex e-con-boxed e-con e-parent\" data-id=\"37bef951\" data-element_type=\"container\">\n\t\t\t\t\t<div class=\"e-con-inner\">\n\t\t<div class=\"elementor-element elementor-element-214978ed e-con-full e-flex elementor-invisible e-con e-child\" data-id=\"214978ed\" data-element_type=\"container\" data-settings=\"{&quot;animation&quot;:&quot;fadeInLeft&quot;}\">\n\t\t\t\t<div class=\"elementor-element elementor-element-1f09fff elementor-widget elementor-widget-video\" data-id=\"1f09fff\" data-element_type=\"widget\" data-settings=\"{&quot;youtube_url&quot;:&quot;https:\\\/\\\/www.youtube.com\\\/watch?v=SuZ2eX5Tnyg&quot;,&quot;video_type&quot;:&quot;youtube&quot;,&quot;controls&quot;:&quot;yes&quot;}\" data-widget_type=\"video.default\">\n\t\t\t\t<div class=\"elementor-widget-container\">\n\t\t\t\t\t<style>.elementor-element-1f09fff{display:none !important}<\/style>\t\t\t\t<\/div>\n\t\t\t\t<\/div>\n\t\t\t\t<div class=\"elementor-element elementor-element-d35b219 elementor-widget elementor-widget-video\" data-id=\"d35b219\" data-element_type=\"widget\" data-settings=\"{&quot;youtube_url&quot;:&quot;https:\\\/\\\/www.youtube.com\\\/watch?v=ocR0p4mmXk8&quot;,&quot;video_type&quot;:&quot;youtube&quot;,&quot;controls&quot;:&quot;yes&quot;}\" data-widget_type=\"video.default\">\n\t\t\t\t<div class=\"elementor-widget-container\">\n\t\t\t\t\t<style>.elementor-element-d35b219{display:none !important}<\/style>\t\t\t\t<\/div>\n\t\t\t\t<\/div>\n\t\t\t\t<div class=\"elementor-element elementor-element-fda104a elementor-widget elementor-widget-video\" data-id=\"fda104a\" data-element_type=\"widget\" data-settings=\"{&quot;youtube_url&quot;:&quot;https:\\\/\\\/www.youtube.com\\\/watch?v=0p1IfO8cY6s&quot;,&quot;video_type&quot;:&quot;youtube&quot;,&quot;controls&quot;:&quot;yes&quot;}\" data-widget_type=\"video.default\">\n\t\t\t\t<div class=\"elementor-widget-container\">\n\t\t\t\t\t\t\t<div class=\"elementor-wrapper elementor-open-inline\">\n\t\t\t<div class=\"elementor-video\"><\/div>\t\t<\/div>\n\t\t\t\t\t\t<\/div>\n\t\t\t\t<\/div>\n\t\t\t\t<\/div>\n\t\t<div class=\"elementor-element elementor-element-1ff82be7 e-con-full e-flex elementor-invisible e-con e-child\" data-id=\"1ff82be7\" data-element_type=\"container\" data-settings=\"{&quot;animation&quot;:&quot;fadeInRight&quot;}\">\n\t\t\t\t<div class=\"elementor-element elementor-element-21bf085c elementor-widget elementor-widget-heading\" data-id=\"21bf085c\" data-element_type=\"widget\" data-widget_type=\"heading.default\">\n\t\t\t\t<div class=\"elementor-widget-container\">\n\t\t\t\t\t<h6 class=\"elementor-heading-title elementor-size-default\">Qui nous sommes<\/h6>\t\t\t\t<\/div>\n\t\t\t\t<\/div>\n\t\t\t\t<div class=\"elementor-element elementor-element-7afb3ea3 elementor-widget elementor-widget-heading\" data-id=\"7afb3ea3\" data-element_type=\"widget\" data-widget_type=\"heading.default\">\n\t\t\t\t<div class=\"elementor-widget-container\">\n\t\t\t\t\t<h2 class=\"elementor-heading-title elementor-size-default\">\u00c0 propos de Gamca Afrique<\/h2>\t\t\t\t<\/div>\n\t\t\t\t<\/div>\n\t\t\t\t<div class=\"elementor-element elementor-element-1b8df3fd elementor-widget elementor-widget-text-editor\" data-id=\"1b8df3fd\" data-element_type=\"widget\" data-widget_type=\"text-editor.default\">\n\t\t\t\t<div class=\"elementor-widget-container\">\n\t\t\t\t\t\t\t\t\t<p>Le service en ligne de GMA est un fournisseur de services bien connu dans le domaine de la consultation pour la prise de rendez-vous GCC en ligne, effectu\u00e9 par une \u00e9quipe de consultants hautement exp\u00e9riment\u00e9s. Avec leur aide, nous avons g\u00e9r\u00e9 les nations GCC et d'autres parties du monde, en faisant de la qualit\u00e9 du service notre priorit\u00e9 num\u00e9ro 1. Depuis le 1er avril 2018, GAMCA a opt\u00e9 pour le g\u00e9n\u00e9rateur de formulaires m\u00e9dicaux en ligne et les m\u00e9thodes de paiement. Les candidats peuvent se connecter au site Web de GAMCA et g\u00e9n\u00e9rer leur propre formulaire m\u00e9dical pour l'examen m\u00e9dical via un paiement en ligne. Le site Web vous fournira de l'aide avec le nom et l'adresse du centre m\u00e9dical qui effectuera votre examen m\u00e9dical.<\/p>\t\t\t\t\t\t\t\t<\/div>\n\t\t\t\t<\/div>\n\t\t\t\t<\/div>\n\t\t\t\t\t<\/div>\n\t\t\t\t<\/div>\n\t\t<div class=\"elementor-element elementor-element-18c994d5 e-flex e-con-boxed e-con e-parent\" data-id=\"18c994d5\" data-element_type=\"container\" data-settings=\"{&quot;background_background&quot;:&quot;classic&quot;}\">\n\t\t\t\t\t<div class=\"e-con-inner\">\n\t\t<div class=\"elementor-element elementor-element-264a3c48 e-con-full e-flex e-con e-child\" data-id=\"264a3c48\" data-element_type=\"container\">\n\t\t<div class=\"elementor-element elementor-element-172c4ec6 e-flex e-con-boxed elementor-invisible e-con e-child\" data-id=\"172c4ec6\" data-element_type=\"container\" data-settings=\"{&quot;background_background&quot;:&quot;classic&quot;,&quot;animation&quot;:&quot;fadeInLeft&quot;}\">\n\t\t\t\t\t<div class=\"e-con-inner\">\n\t\t\t\t<div class=\"elementor-element elementor-element-cb6e49b elementor-widget__width-auto elementor-absolute e-transform elementor-view-default elementor-widget elementor-widget-icon\" data-id=\"cb6e49b\" data-element_type=\"widget\" data-settings=\"{&quot;_position&quot;:&quot;absolute&quot;,&quot;_transform_rotateZ_effect_hover&quot;:{&quot;unit&quot;:&quot;px&quot;,&quot;size&quot;:45,&quot;sizes&quot;:[]},&quot;_transform_rotateZ_effect_hover_tablet&quot;:{&quot;unit&quot;:&quot;deg&quot;,&quot;size&quot;:&quot;&quot;,&quot;sizes&quot;:[]},&quot;_transform_rotateZ_effect_hover_mobile&quot;:{&quot;unit&quot;:&quot;deg&quot;,&quot;size&quot;:&quot;&quot;,&quot;sizes&quot;:[]}}\" data-widget_type=\"icon.default\">\n\t\t\t\t<div class=\"elementor-widget-container\">\n\t\t\t\t\t\t\t<div class=\"elementor-icon-wrapper\">\n\t\t\t<a class=\"elementor-icon\" href=\"#\">\n\t\t\t<i aria-hidden=\"true\" class=\"mdi mdi-call-made\"><\/i>\t\t\t<\/a>\n\t\t<\/div>\n\t\t\t\t\t\t<\/div>\n\t\t\t\t<\/div>\n\t\t\t\t<div class=\"elementor-element elementor-element-4cc1b182 elementor-widget elementor-widget-heading\" data-id=\"4cc1b182\" data-element_type=\"widget\" data-widget_type=\"heading.default\">\n\t\t\t\t<div class=\"elementor-widget-container\">\n\t\t\t\t\t<h6 class=\"elementor-heading-title elementor-size-default\">Pourquoi nous<\/h6>\t\t\t\t<\/div>\n\t\t\t\t<\/div>\n\t\t\t\t<div class=\"elementor-element elementor-element-5582cf11 elementor-widget elementor-widget-text-editor\" data-id=\"5582cf11\" data-element_type=\"widget\" data-widget_type=\"text-editor.default\">\n\t\t\t\t<div class=\"elementor-widget-container\">\n\t\t\t\t\t\t\t\t\t<p>Gamcaafrica.com est l'un des principaux fournisseurs de services en ligne pour obtenir un rendez-vous pour un examen m\u00e9dical pr\u00e9alable au d\u00e9part dans les centres m\u00e9dicaux agr\u00e9\u00e9s par le GCC. Nous proposons des services de prise de rendez-vous en ligne pour l'examen m\u00e9dical pr\u00e9alable au d\u00e9part pour les pays du GCC tels que le Royaume d'Arabie Saoudite, l'\u00c9tat du Kowe\u00eft, le Sultanat d'Oman, l'\u00c9tat du Qatar, les \u00c9mirats Arabes Unis et le Royaume de Bahre\u00efn. Gr\u00e2ce \u00e0 notre service de r\u00e9servation en ligne pratique, prendre un rendez-vous est facile et peut \u00eatre effectu\u00e9 \u00e0 tout moment.<\/p>\t\t\t\t\t\t\t\t<\/div>\n\t\t\t\t<\/div>\n\t\t\t\t\t<\/div>\n\t\t\t\t<\/div>\n\t\t\t\t<\/div>\n\t\t\t\t\t<\/div>\n\t\t\t\t<\/div>\n\t\t\t\t<\/div>","protected":false},"excerpt":{"rendered":"<p>https:\/\/www.youtube.com\/watch?v=SuZ2eX5Tnyghttps:\/\/www.youtube.com\/watch?v=ocR0p4mmXk8https:\/\/www.youtube.com\/watch?v=0p1IfO8cY6s Who we are About Gamca Africa GMA Online service is well known online service provider in the field of online GCC appointment consulting, done by a team of highly experienced consultants. With their assistance, we have been handling GCC Nations, and other parts of the world, we make service quality as our number 1 [&hellip;]<\/p>","protected":false},"author":1,"featured_media":0,"parent":0,"menu_order":0,"comment_status":"closed","ping_status":"closed","template":"elementor_header_footer","meta":{"footnotes":""},"class_list":["post-528","page","type-page","status-publish","hentry"],"_links":{"self":[{"href":"https:\/\/gamcaafrica.com\/fr\/wp-json\/wp\/v2\/pages\/528","targetHints":{"allow":["GET"]}}],"collection":[{"href":"https:\/\/gamcaafrica.com\/fr\/wp-json\/wp\/v2\/pages"}],"about":[{"href":"https:\/\/gamcaafrica.com\/fr\/wp-json\/wp\/v2\/types\/page"}],"author":[{"embeddable":true,"href":"https:\/\/gamcaafrica.com\/fr\/wp-json\/wp\/v2\/users\/1"}],"replies":[{"embeddable":true,"href":"https:\/\/gamcaafrica.com\/fr\/wp-json\/wp\/v2\/comments?post=528"}],"version-history":[{"count":49,"href":"https:\/\/gamcaafrica.com\/fr\/wp-json\/wp\/v2\/pages\/528\/revisions"}],"predecessor-version":[{"id":839,"href":"https:\/\/gamcaafrica.com\/fr\/wp-json\/wp\/v2\/pages\/528\/revisions\/839"}],"wp:attachment":[{"href":"https:\/\/gamcaafrica.com\/fr\/wp-json\/wp\/v2\/media?parent=528"}],"curies":[{"name":"wp","href":"https:\/\/api.w.org\/{rel}","templated":true}]}}