{"id":695,"date":"2025-05-06T06:49:18","date_gmt":"2025-05-06T06:49:18","guid":{"rendered":"https:\/\/gamcaafrica.com\/?page_id=695"},"modified":"2025-09-22T10:28:36","modified_gmt":"2025-09-22T10:28:36","slug":"kuwait","status":"publish","type":"page","link":"https:\/\/gamcaafrica.com\/fr\/kuwait\/","title":{"rendered":"Kowe\u00eft"},"content":{"rendered":"<div data-elementor-type=\"wp-page\" data-elementor-id=\"695\" class=\"elementor elementor-695\" data-elementor-post-type=\"page\">\n\t\t\t\t<div class=\"elementor-element elementor-element-91e3150 e-flex e-con-boxed e-con e-parent\" data-id=\"91e3150\" data-element_type=\"container\" data-settings=\"{&quot;background_background&quot;:&quot;classic&quot;}\">\n\t\t\t\t\t<div class=\"e-con-inner\">\n\t\t<div class=\"elementor-element elementor-element-fc6c57e e-flex e-con-boxed e-con e-child\" data-id=\"fc6c57e\" data-element_type=\"container\" data-settings=\"{&quot;background_background&quot;:&quot;classic&quot;}\">\n\t\t\t\t\t<div class=\"e-con-inner\">\n\t\t\t\t<div class=\"elementor-element elementor-element-72956e3 elementor-invisible elementor-widget elementor-widget-heading\" data-id=\"72956e3\" data-element_type=\"widget\" data-settings=\"{&quot;_animation&quot;:&quot;fadeInDown&quot;,&quot;_animation_delay&quot;:200}\" data-widget_type=\"heading.default\">\n\t\t\t\t<div class=\"elementor-widget-container\">\n\t\t\t\t\t<h1 class=\"elementor-heading-title elementor-size-default\">Kowe\u00eft<\/h1>\t\t\t\t<\/div>\n\t\t\t\t<\/div>\n\t\t\t\t\t<\/div>\n\t\t\t\t<\/div>\n\t\t\t\t\t<\/div>\n\t\t\t\t<\/div>\n\t\t<div class=\"elementor-element elementor-element-e70caca e-flex e-con-boxed e-con e-parent\" data-id=\"e70caca\" data-element_type=\"container\">\n\t\t\t\t\t<div class=\"e-con-inner\">\n\t\t<div class=\"elementor-element elementor-element-6596388 e-con-full e-flex elementor-invisible e-con e-child\" data-id=\"6596388\" data-element_type=\"container\" data-settings=\"{&quot;animation&quot;:&quot;fadeInLeft&quot;}\">\n\t\t\t\t<div class=\"elementor-element elementor-element-cb63909 elementor-widget elementor-widget-image\" data-id=\"cb63909\" data-element_type=\"widget\" data-widget_type=\"image.default\">\n\t\t\t\t<div class=\"elementor-widget-container\">\n\t\t\t\t\t\t\t\t\t\t\t\t\t\t\t<img fetchpriority=\"high\" decoding=\"async\" width=\"826\" height=\"891\" src=\"https:\/\/gamcaafrica.com\/wp-content\/uploads\/2025\/05\/kuwait.jpg\" class=\"attachment-full size-full wp-image-717\" alt=\"\" srcset=\"https:\/\/gamcaafrica.com\/wp-content\/uploads\/2025\/05\/kuwait.jpg 826w, https:\/\/gamcaafrica.com\/wp-content\/uploads\/2025\/05\/kuwait-278x300.jpg 278w, https:\/\/gamcaafrica.com\/wp-content\/uploads\/2025\/05\/kuwait-768x828.jpg 768w\" sizes=\"(max-width: 826px) 100vw, 826px\" \/>\t\t\t\t\t\t\t\t\t\t\t\t\t\t\t<\/div>\n\t\t\t\t<\/div>\n\t\t\t\t<\/div>\n\t\t<div class=\"elementor-element elementor-element-a66adc1 e-con-full e-flex elementor-invisible e-con e-child\" data-id=\"a66adc1\" data-element_type=\"container\" data-settings=\"{&quot;animation&quot;:&quot;fadeInRight&quot;}\">\n\t\t\t\t<div class=\"elementor-element elementor-element-171cccf elementor-widget elementor-widget-heading\" data-id=\"171cccf\" data-element_type=\"widget\" data-widget_type=\"heading.default\">\n\t\t\t\t<div class=\"elementor-widget-container\">\n\t\t\t\t\t<h2 class=\"elementor-heading-title elementor-size-default\">Examen m\u00e9dical GAMCA au Kowe\u00eft<\/h2>\t\t\t\t<\/div>\n\t\t\t\t<\/div>\n\t\t\t\t<div class=\"elementor-element elementor-element-2f3047c elementor-widget elementor-widget-text-editor\" data-id=\"2f3047c\" data-element_type=\"widget\" data-widget_type=\"text-editor.default\">\n\t\t\t\t<div class=\"elementor-widget-container\">\n\t\t\t\t\t\t\t\t\t<p>Kowe\u00eft, officiellement connu sous le nom d'\u00c9tat du Kowe\u00eft, est situ\u00e9 en Asie occidentale \u00e0 la limite nord de l'Arabie orientale. Il borde l'Irak au nord, l'Arabie saoudite au sud et partage des fronti\u00e8res maritimes avec l'Iran. Avec une c\u00f4te d'environ 500 kilom\u00e8tres le long du golfe Persique, le Kowe\u00eft joue un r\u00f4le strat\u00e9gique r\u00e9gional.<\/p><p>Pour travailler et r\u00e9sider au Kowe\u00eft, tous les \u00e9trangers doivent \u00eatre parrain\u00e9s par un employeur local dans le cadre du syst\u00e8me de parrainage (kafeel) du pays. Cependant, des discussions sont en cours pour r\u00e9former ce syst\u00e8me. En 2008, le d\u00e9put\u00e9 Abdullah Al-Roumi a propos\u00e9 une l\u00e9gislation pour abolir le syst\u00e8me de parrainage actuel en faveur d'un processus g\u00e9r\u00e9 par le gouvernement, visant \u00e0 am\u00e9liorer les droits des travailleurs et \u00e0 r\u00e9duire l'exploitation.<\/p><p>Dans le cadre du processus de visa, <strong>Il est obligatoire de subir un examen m\u00e9dical pr\u00e9alable au d\u00e9part<\/strong> dans un <strong>Clinique autoris\u00e9e par GAMCA (Association des centres m\u00e9dicaux agr\u00e9\u00e9s du Golfe)<\/strong>Ce test m\u00e9dical est essentiel pour garantir l'\u00e9ligibilit\u00e9 \u00e0 la sant\u00e9 des candidats voyageant au Kowe\u00eft pour le travail et la r\u00e9sidence.<\/p>\t\t\t\t\t\t\t\t<\/div>\n\t\t\t\t<\/div>\n\t\t\t\t<div class=\"elementor-element elementor-element-ab409ab elementor-align-center elementor-mobile-align-justify elementor-widget elementor-widget-button\" data-id=\"ab409ab\" data-element_type=\"widget\" data-widget_type=\"button.default\">\n\t\t\t\t<div class=\"elementor-widget-container\">\n\t\t\t\t\t\t\t\t\t<div class=\"elementor-button-wrapper\">\n\t\t\t\t\t<a class=\"elementor-button elementor-button-link elementor-size-md\" href=\"https:\/\/wafidconsultants.com\/fr\/online-booking\/\" target=\"_blank\">\n\t\t\t\t\t\t<span class=\"elementor-button-content-wrapper\">\n\t\t\t\t\t\t<span class=\"elementor-button-icon\">\n\t\t\t\t<svg aria-hidden=\"true\" class=\"e-font-icon-svg e-far-calendar-alt\" viewbox=\"0 0 448 512\" xmlns=\"http:\/\/www.w3.org\/2000\/svg\"><path d=\"M148 288h-40c-6.6 0-12-5.4-12-12v-40c0-6.6 5.4-12 12-12h40c6.6 0 12 5.4 12 12v40c0 6.6-5.4 12-12 12zm108-12v-40c0-6.6-5.4-12-12-12h-40c-6.6 0-12 5.4-12 12v40c0 6.6 5.4 12 12 12h40c6.6 0 12-5.4 12-12zm96 0v-40c0-6.6-5.4-12-12-12h-40c-6.6 0-12 5.4-12 12v40c0 6.6 5.4 12 12 12h40c6.6 0 12-5.4 12-12zm-96 96v-40c0-6.6-5.4-12-12-12h-40c-6.6 0-12 5.4-12 12v40c0 6.6 5.4 12 12 12h40c6.6 0 12-5.4 12-12zm-96 0v-40c0-6.6-5.4-12-12-12h-40c-6.6 0-12 5.4-12 12v40c0 6.6 5.4 12 12 12h40c6.6 0 12-5.4 12-12zm192 0v-40c0-6.6-5.4-12-12-12h-40c-6.6 0-12 5.4-12 12v40c0 6.6 5.4 12 12 12h40c6.6 0 12-5.4 12-12zm96-260v352c0 26.5-21.5 48-48 48H48c-26.5 0-48-21.5-48-48V112c0-26.5 21.5-48 48-48h48V12c0-6.6 5.4-12 12-12h40c6.6 0 12 5.4 12 12v52h128V12c0-6.6 5.4-12 12-12h40c6.6 0 12 5.4 12 12v52h48c26.5 0 48 21.5 48 48zm-48 346V160H48v298c0 3.3 2.7 6 6 6h340c3.3 0 6-2.7 6-6z\"><\/path><\/svg>\t\t\t<\/span>\n\t\t\t\t\t\t\t\t\t<span class=\"elementor-button-text\">R\u00e9servez votre rendez-vous<\/span>\n\t\t\t\t\t<\/span>\n\t\t\t\t\t<\/a>\n\t\t\t\t<\/div>\n\t\t\t\t\t\t\t\t<\/div>\n\t\t\t\t<\/div>\n\t\t\t\t<div class=\"elementor-element elementor-element-4e518e0 elementor-align-center elementor-mobile-align-justify elementor-widget elementor-widget-button\" data-id=\"4e518e0\" data-element_type=\"widget\" data-widget_type=\"button.default\">\n\t\t\t\t<div class=\"elementor-widget-container\">\n\t\t\t\t\t\t\t\t\t<div class=\"elementor-button-wrapper\">\n\t\t\t\t\t<a class=\"elementor-button elementor-button-link elementor-size-md\" href=\"https:\/\/wa.me\/971559826818\" target=\"_blank\">\n\t\t\t\t\t\t<span class=\"elementor-button-content-wrapper\">\n\t\t\t\t\t\t<span class=\"elementor-button-icon\">\n\t\t\t\t<svg aria-hidden=\"true\" class=\"e-font-icon-svg e-fab-whatsapp\" viewbox=\"0 0 448 512\" xmlns=\"http:\/\/www.w3.org\/2000\/svg\"><path d=\"M380.9 97.1C339 55.1 283.2 32 223.9 32c-122.4 0-222 99.6-222 222 0 39.1 10.2 77.3 29.6 111L0 480l117.7-30.9c32.4 17.7 68.9 27 106.1 27h.1c122.3 0 224.1-99.6 224.1-222 0-59.3-25.2-115-67.1-157zm-157 341.6c-33.2 0-65.7-8.9-94-25.7l-6.7-4-69.8 18.3L72 359.2l-4.4-7c-18.5-29.4-28.2-63.3-28.2-98.2 0-101.7 82.8-184.5 184.6-184.5 49.3 0 95.6 19.2 130.4 54.1 34.8 34.9 56.2 81.2 56.1 130.5 0 101.8-84.9 184.6-186.6 184.6zm101.2-138.2c-5.5-2.8-32.8-16.2-37.9-18-5.1-1.9-8.8-2.8-12.5 2.8-3.7 5.6-14.3 18-17.6 21.8-3.2 3.7-6.5 4.2-12 1.4-32.6-16.3-54-29.1-75.5-66-5.7-9.8 5.7-9.1 16.3-30.3 1.8-3.7.9-6.9-.5-9.7-1.4-2.8-12.5-30.1-17.1-41.2-4.5-10.8-9.1-9.3-12.5-9.5-3.2-.2-6.9-.2-10.6-.2-3.7 0-9.7 1.4-14.8 6.9-5.1 5.6-19.4 19-19.4 46.3 0 27.3 19.9 53.7 22.6 57.4 2.8 3.7 39.1 59.7 94.8 83.8 35.2 15.2 49 16.5 66.6 13.9 10.7-1.6 32.8-13.4 37.4-26.4 4.6-13 4.6-24.1 3.2-26.4-1.3-2.5-5-3.9-10.5-6.6z\"><\/path><\/svg>\t\t\t<\/span>\n\t\t\t\t\t\t\t\t\t<span class=\"elementor-button-text\">R\u00e9servez via WhatsApp<\/span>\n\t\t\t\t\t<\/span>\n\t\t\t\t\t<\/a>\n\t\t\t\t<\/div>\n\t\t\t\t\t\t\t\t<\/div>\n\t\t\t\t<\/div>\n\t\t\t\t<\/div>\n\t\t\t\t\t<\/div>\n\t\t\t\t<\/div>\n\t\t\t\t<\/div>","protected":false},"excerpt":{"rendered":"<p>Kuwait Gamca Medical Kuwait Kuwait, officially known as the State of Kuwait, is located in Western Asia at the northern edge of Eastern Arabia. It borders Iraq to the north, Saudi Arabia to the south, and shares maritime boundaries with Iran. With a coastline stretching around 500 kilometers along the Persian Gulf, Kuwait plays a [&hellip;]<\/p>","protected":false},"author":1,"featured_media":0,"parent":0,"menu_order":0,"comment_status":"closed","ping_status":"closed","template":"elementor_header_footer","meta":{"footnotes":""},"class_list":["post-695","page","type-page","status-publish","hentry"],"_links":{"self":[{"href":"https:\/\/gamcaafrica.com\/fr\/wp-json\/wp\/v2\/pages\/695","targetHints":{"allow":["GET"]}}],"collection":[{"href":"https:\/\/gamcaafrica.com\/fr\/wp-json\/wp\/v2\/pages"}],"about":[{"href":"https:\/\/gamcaafrica.com\/fr\/wp-json\/wp\/v2\/types\/page"}],"author":[{"embeddable":true,"href":"https:\/\/gamcaafrica.com\/fr\/wp-json\/wp\/v2\/users\/1"}],"replies":[{"embeddable":true,"href":"https:\/\/gamcaafrica.com\/fr\/wp-json\/wp\/v2\/comments?post=695"}],"version-history":[{"count":16,"href":"https:\/\/gamcaafrica.com\/fr\/wp-json\/wp\/v2\/pages\/695\/revisions"}],"predecessor-version":[{"id":922,"href":"https:\/\/gamcaafrica.com\/fr\/wp-json\/wp\/v2\/pages\/695\/revisions\/922"}],"wp:attachment":[{"href":"https:\/\/gamcaafrica.com\/fr\/wp-json\/wp\/v2\/media?parent=695"}],"curies":[{"name":"wp","href":"https:\/\/api.w.org\/{rel}","templated":true}]}}