{"id":721,"date":"2025-05-06T07:10:09","date_gmt":"2025-05-06T07:10:09","guid":{"rendered":"https:\/\/gamcaafrica.com\/?page_id=721"},"modified":"2025-09-22T10:31:11","modified_gmt":"2025-09-22T10:31:11","slug":"qatar","status":"publish","type":"page","link":"https:\/\/gamcaafrica.com\/fr\/qatar\/","title":{"rendered":"Qatar"},"content":{"rendered":"<div data-elementor-type=\"wp-page\" data-elementor-id=\"721\" class=\"elementor elementor-721\" data-elementor-post-type=\"page\">\n\t\t\t\t<div class=\"elementor-element elementor-element-468882c e-flex e-con-boxed e-con e-parent\" data-id=\"468882c\" data-element_type=\"container\" data-settings=\"{&quot;background_background&quot;:&quot;classic&quot;}\">\n\t\t\t\t\t<div class=\"e-con-inner\">\n\t\t<div class=\"elementor-element elementor-element-0180785 e-flex e-con-boxed e-con e-child\" data-id=\"0180785\" data-element_type=\"container\" data-settings=\"{&quot;background_background&quot;:&quot;classic&quot;}\">\n\t\t\t\t\t<div class=\"e-con-inner\">\n\t\t\t\t<div class=\"elementor-element elementor-element-8d590f9 elementor-invisible elementor-widget elementor-widget-heading\" data-id=\"8d590f9\" data-element_type=\"widget\" data-settings=\"{&quot;_animation&quot;:&quot;fadeInDown&quot;,&quot;_animation_delay&quot;:200}\" data-widget_type=\"heading.default\">\n\t\t\t\t<div class=\"elementor-widget-container\">\n\t\t\t\t\t<h1 class=\"elementor-heading-title elementor-size-default\">Qatar<\/h1>\t\t\t\t<\/div>\n\t\t\t\t<\/div>\n\t\t\t\t\t<\/div>\n\t\t\t\t<\/div>\n\t\t\t\t\t<\/div>\n\t\t\t\t<\/div>\n\t\t<div class=\"elementor-element elementor-element-d9524c1 e-flex e-con-boxed e-con e-parent\" data-id=\"d9524c1\" data-element_type=\"container\">\n\t\t\t\t\t<div class=\"e-con-inner\">\n\t\t<div class=\"elementor-element elementor-element-7e6c6df e-con-full e-flex elementor-invisible e-con e-child\" data-id=\"7e6c6df\" data-element_type=\"container\" data-settings=\"{&quot;animation&quot;:&quot;fadeInLeft&quot;}\">\n\t\t\t\t<div class=\"elementor-element elementor-element-b687ae2 elementor-widget elementor-widget-image\" data-id=\"b687ae2\" data-element_type=\"widget\" data-widget_type=\"image.default\">\n\t\t\t\t<div class=\"elementor-widget-container\">\n\t\t\t\t\t\t\t\t\t\t\t\t\t\t\t<img fetchpriority=\"high\" decoding=\"async\" width=\"740\" height=\"949\" src=\"https:\/\/gamcaafrica.com\/wp-content\/uploads\/2025\/05\/qatar.jpg\" class=\"attachment-full size-full wp-image-724\" alt=\"\" srcset=\"https:\/\/gamcaafrica.com\/wp-content\/uploads\/2025\/05\/qatar.jpg 740w, https:\/\/gamcaafrica.com\/wp-content\/uploads\/2025\/05\/qatar-234x300.jpg 234w\" sizes=\"(max-width: 740px) 100vw, 740px\" \/>\t\t\t\t\t\t\t\t\t\t\t\t\t\t\t<\/div>\n\t\t\t\t<\/div>\n\t\t\t\t<\/div>\n\t\t<div class=\"elementor-element elementor-element-0d50838 e-con-full e-flex elementor-invisible e-con e-child\" data-id=\"0d50838\" data-element_type=\"container\" data-settings=\"{&quot;animation&quot;:&quot;fadeInRight&quot;}\">\n\t\t\t\t<div class=\"elementor-element elementor-element-9840084 elementor-widget elementor-widget-heading\" data-id=\"9840084\" data-element_type=\"widget\" data-widget_type=\"heading.default\">\n\t\t\t\t<div class=\"elementor-widget-container\">\n\t\t\t\t\t<h2 class=\"elementor-heading-title elementor-size-default\">Examen m\u00e9dical GAMCA au Qatar<\/h2>\t\t\t\t<\/div>\n\t\t\t\t<\/div>\n\t\t\t\t<div class=\"elementor-element elementor-element-e22384e elementor-widget elementor-widget-text-editor\" data-id=\"e22384e\" data-element_type=\"widget\" data-widget_type=\"text-editor.default\">\n\t\t\t\t<div class=\"elementor-widget-container\">\n\t\t\t\t\t\t\t\t\t<p class=\"\" data-start=\"81\" data-end=\"438\">Le Qatar est un pays p\u00e9ninsulaire dans le Golfe Arabo-Persique, connu pour son paysage d\u00e9sertique aride et ses longues c\u00f4tes de plages et de dunes de sable. Sa capitale, Doha, est c\u00e9l\u00e8bre pour ses gratte-ciel futuristes et son architecture de pointe inspir\u00e9e du design islamique traditionnel, notamment le Mus\u00e9e d'Art Islamique construit en pierre calcaire, situ\u00e9 le long de la pittoresque corniche du front de mer.<\/p><p class=\"\" data-start=\"440\" data-end=\"929\">Le Qatar dispose d'une main-d'\u0153uvre principalement migrante, avec plus de <strong data-start=\"495\" data-end=\"564\">2 million foreign workers making up around 95% of its labor force<\/strong>. Approximately <strong data-start=\"580\" data-end=\"622\">1 million are employed in construction<\/strong>, and another <strong data-start=\"636\" data-end=\"673\">100,000 serve as domestic workers<\/strong>, many of whom are governed under the <strong data-start=\"711\" data-end=\"742\">Syst\u00e8me de parrainage (kafala)<\/strong>. This system has historically granted employers extensive control over workers, including restrictions on job changes, movement, and in some cases, even the ability to leave the country.<\/p><p class=\"\" data-start=\"931\" data-end=\"1354\">En octobre 2017, le Qatar s'est engag\u00e9 \u00e0 des r\u00e9formes du travail importantes dans le cadre d'un accord avec <strong data-start=\"1015\" data-end=\"1058\">International Labour Organization (ILO)<\/strong>Ces r\u00e9formes visaient \u00e0 am\u00e9liorer les droits des travailleurs en introduisant un <strong data-start=\"1122\" data-end=\"1157\">non-discriminatory minimum wage<\/strong>, am\u00e9liorer la protection des salaires, \u00e9liminer les exigences de permis de sortie pour la plupart des travailleurs, pr\u00e9venir le travail forc\u00e9 et renforcer les mesures de s\u00e9curit\u00e9 au travail, y compris <strong data-start=\"1324\" data-end=\"1353\">Protocoles de r\u00e9duction de la chaleur<\/strong>.<\/p><p class=\"\" data-start=\"1356\" data-end=\"1567\">Si vous pr\u00e9voyez de vous rendre au Qatar pour travailler ou y r\u00e9sider, il est n\u00e9cessaire de <strong data-start=\"1429\" data-end=\"1489\">Il est obligatoire de passer un examen m\u00e9dical avant le d\u00e9part<\/strong> dans un <strong data-start=\"1495\" data-end=\"1566\">Centre autoris\u00e9 par GAMCA (Association des centres m\u00e9dicaux approuv\u00e9s du Golfe)<\/strong>.<\/p>\t\t\t\t\t\t\t\t<\/div>\n\t\t\t\t<\/div>\n\t\t\t\t<div class=\"elementor-element elementor-element-224454b elementor-align-center elementor-mobile-align-justify elementor-widget elementor-widget-button\" data-id=\"224454b\" data-element_type=\"widget\" data-widget_type=\"button.default\">\n\t\t\t\t<div class=\"elementor-widget-container\">\n\t\t\t\t\t\t\t\t\t<div class=\"elementor-button-wrapper\">\n\t\t\t\t\t<a class=\"elementor-button elementor-button-link elementor-size-md\" href=\"https:\/\/wafidconsultants.com\/fr\/online-booking\/\" target=\"_blank\">\n\t\t\t\t\t\t<span class=\"elementor-button-content-wrapper\">\n\t\t\t\t\t\t<span class=\"elementor-button-icon\">\n\t\t\t\t<svg aria-hidden=\"true\" class=\"e-font-icon-svg e-far-calendar-alt\" viewbox=\"0 0 448 512\" xmlns=\"http:\/\/www.w3.org\/2000\/svg\"><path d=\"M148 288h-40c-6.6 0-12-5.4-12-12v-40c0-6.6 5.4-12 12-12h40c6.6 0 12 5.4 12 12v40c0 6.6-5.4 12-12 12zm108-12v-40c0-6.6-5.4-12-12-12h-40c-6.6 0-12 5.4-12 12v40c0 6.6 5.4 12 12 12h40c6.6 0 12-5.4 12-12zm96 0v-40c0-6.6-5.4-12-12-12h-40c-6.6 0-12 5.4-12 12v40c0 6.6 5.4 12 12 12h40c6.6 0 12-5.4 12-12zm-96 96v-40c0-6.6-5.4-12-12-12h-40c-6.6 0-12 5.4-12 12v40c0 6.6 5.4 12 12 12h40c6.6 0 12-5.4 12-12zm-96 0v-40c0-6.6-5.4-12-12-12h-40c-6.6 0-12 5.4-12 12v40c0 6.6 5.4 12 12 12h40c6.6 0 12-5.4 12-12zm192 0v-40c0-6.6-5.4-12-12-12h-40c-6.6 0-12 5.4-12 12v40c0 6.6 5.4 12 12 12h40c6.6 0 12-5.4 12-12zm96-260v352c0 26.5-21.5 48-48 48H48c-26.5 0-48-21.5-48-48V112c0-26.5 21.5-48 48-48h48V12c0-6.6 5.4-12 12-12h40c6.6 0 12 5.4 12 12v52h128V12c0-6.6 5.4-12 12-12h40c6.6 0 12 5.4 12 12v52h48c26.5 0 48 21.5 48 48zm-48 346V160H48v298c0 3.3 2.7 6 6 6h340c3.3 0 6-2.7 6-6z\"><\/path><\/svg>\t\t\t<\/span>\n\t\t\t\t\t\t\t\t\t<span class=\"elementor-button-text\">R\u00e9servez votre rendez-vous<\/span>\n\t\t\t\t\t<\/span>\n\t\t\t\t\t<\/a>\n\t\t\t\t<\/div>\n\t\t\t\t\t\t\t\t<\/div>\n\t\t\t\t<\/div>\n\t\t\t\t<div class=\"elementor-element elementor-element-5bd3033 elementor-align-center elementor-mobile-align-justify elementor-widget elementor-widget-button\" data-id=\"5bd3033\" data-element_type=\"widget\" data-widget_type=\"button.default\">\n\t\t\t\t<div class=\"elementor-widget-container\">\n\t\t\t\t\t\t\t\t\t<div class=\"elementor-button-wrapper\">\n\t\t\t\t\t<a class=\"elementor-button elementor-button-link elementor-size-md\" href=\"https:\/\/wa.me\/971559826818\" target=\"_blank\">\n\t\t\t\t\t\t<span class=\"elementor-button-content-wrapper\">\n\t\t\t\t\t\t<span class=\"elementor-button-icon\">\n\t\t\t\t<svg aria-hidden=\"true\" class=\"e-font-icon-svg e-fab-whatsapp\" viewbox=\"0 0 448 512\" xmlns=\"http:\/\/www.w3.org\/2000\/svg\"><path d=\"M380.9 97.1C339 55.1 283.2 32 223.9 32c-122.4 0-222 99.6-222 222 0 39.1 10.2 77.3 29.6 111L0 480l117.7-30.9c32.4 17.7 68.9 27 106.1 27h.1c122.3 0 224.1-99.6 224.1-222 0-59.3-25.2-115-67.1-157zm-157 341.6c-33.2 0-65.7-8.9-94-25.7l-6.7-4-69.8 18.3L72 359.2l-4.4-7c-18.5-29.4-28.2-63.3-28.2-98.2 0-101.7 82.8-184.5 184.6-184.5 49.3 0 95.6 19.2 130.4 54.1 34.8 34.9 56.2 81.2 56.1 130.5 0 101.8-84.9 184.6-186.6 184.6zm101.2-138.2c-5.5-2.8-32.8-16.2-37.9-18-5.1-1.9-8.8-2.8-12.5 2.8-3.7 5.6-14.3 18-17.6 21.8-3.2 3.7-6.5 4.2-12 1.4-32.6-16.3-54-29.1-75.5-66-5.7-9.8 5.7-9.1 16.3-30.3 1.8-3.7.9-6.9-.5-9.7-1.4-2.8-12.5-30.1-17.1-41.2-4.5-10.8-9.1-9.3-12.5-9.5-3.2-.2-6.9-.2-10.6-.2-3.7 0-9.7 1.4-14.8 6.9-5.1 5.6-19.4 19-19.4 46.3 0 27.3 19.9 53.7 22.6 57.4 2.8 3.7 39.1 59.7 94.8 83.8 35.2 15.2 49 16.5 66.6 13.9 10.7-1.6 32.8-13.4 37.4-26.4 4.6-13 4.6-24.1 3.2-26.4-1.3-2.5-5-3.9-10.5-6.6z\"><\/path><\/svg>\t\t\t<\/span>\n\t\t\t\t\t\t\t\t\t<span class=\"elementor-button-text\">R\u00e9servez via WhatsApp<\/span>\n\t\t\t\t\t<\/span>\n\t\t\t\t\t<\/a>\n\t\t\t\t<\/div>\n\t\t\t\t\t\t\t\t<\/div>\n\t\t\t\t<\/div>\n\t\t\t\t<\/div>\n\t\t\t\t\t<\/div>\n\t\t\t\t<\/div>\n\t\t\t\t<\/div>","protected":false},"excerpt":{"rendered":"<p>Qatar Gamca Medical Qatar Qatar is a peninsular nation in the Arabian Gulf, known for its arid desert landscape and long coastline of beaches and sand dunes. Its capital, Doha, is famed for futuristic skyscrapers and cutting-edge architecture inspired by traditional Islamic design\u2014most notably the limestone-built Museum of Islamic Art, located along the scenic Corniche [&hellip;]<\/p>","protected":false},"author":1,"featured_media":0,"parent":0,"menu_order":0,"comment_status":"closed","ping_status":"closed","template":"elementor_header_footer","meta":{"footnotes":""},"class_list":["post-721","page","type-page","status-publish","hentry"],"_links":{"self":[{"href":"https:\/\/gamcaafrica.com\/fr\/wp-json\/wp\/v2\/pages\/721","targetHints":{"allow":["GET"]}}],"collection":[{"href":"https:\/\/gamcaafrica.com\/fr\/wp-json\/wp\/v2\/pages"}],"about":[{"href":"https:\/\/gamcaafrica.com\/fr\/wp-json\/wp\/v2\/types\/page"}],"author":[{"embeddable":true,"href":"https:\/\/gamcaafrica.com\/fr\/wp-json\/wp\/v2\/users\/1"}],"replies":[{"embeddable":true,"href":"https:\/\/gamcaafrica.com\/fr\/wp-json\/wp\/v2\/comments?post=721"}],"version-history":[{"count":7,"href":"https:\/\/gamcaafrica.com\/fr\/wp-json\/wp\/v2\/pages\/721\/revisions"}],"predecessor-version":[{"id":964,"href":"https:\/\/gamcaafrica.com\/fr\/wp-json\/wp\/v2\/pages\/721\/revisions\/964"}],"wp:attachment":[{"href":"https:\/\/gamcaafrica.com\/fr\/wp-json\/wp\/v2\/media?parent=721"}],"curies":[{"name":"wp","href":"https:\/\/api.w.org\/{rel}","templated":true}]}}