{"id":741,"date":"2025-05-06T07:31:30","date_gmt":"2025-05-06T07:31:30","guid":{"rendered":"https:\/\/gamcaafrica.com\/?page_id=741"},"modified":"2025-09-22T10:32:28","modified_gmt":"2025-09-22T10:32:28","slug":"uae","status":"publish","type":"page","link":"https:\/\/gamcaafrica.com\/fr\/uae\/","title":{"rendered":"\u00c9mirats"},"content":{"rendered":"<div data-elementor-type=\"wp-page\" data-elementor-id=\"741\" class=\"elementor elementor-741\" data-elementor-post-type=\"page\">\n\t\t\t\t<div class=\"elementor-element elementor-element-7bd4d71 e-flex e-con-boxed e-con e-parent\" data-id=\"7bd4d71\" data-element_type=\"container\" data-settings=\"{&quot;background_background&quot;:&quot;classic&quot;}\">\n\t\t\t\t\t<div class=\"e-con-inner\">\n\t\t<div class=\"elementor-element elementor-element-ff56f95 e-flex e-con-boxed e-con e-child\" data-id=\"ff56f95\" data-element_type=\"container\" data-settings=\"{&quot;background_background&quot;:&quot;classic&quot;}\">\n\t\t\t\t\t<div class=\"e-con-inner\">\n\t\t\t\t<div class=\"elementor-element elementor-element-97b9682 elementor-invisible elementor-widget elementor-widget-heading\" data-id=\"97b9682\" data-element_type=\"widget\" data-settings=\"{&quot;_animation&quot;:&quot;fadeInDown&quot;,&quot;_animation_delay&quot;:200}\" data-widget_type=\"heading.default\">\n\t\t\t\t<div class=\"elementor-widget-container\">\n\t\t\t\t\t<h1 class=\"elementor-heading-title elementor-size-default\">\u00c9mirats<\/h1>\t\t\t\t<\/div>\n\t\t\t\t<\/div>\n\t\t\t\t\t<\/div>\n\t\t\t\t<\/div>\n\t\t\t\t\t<\/div>\n\t\t\t\t<\/div>\n\t\t<div class=\"elementor-element elementor-element-79e94e1 e-flex e-con-boxed e-con e-parent\" data-id=\"79e94e1\" data-element_type=\"container\">\n\t\t\t\t\t<div class=\"e-con-inner\">\n\t\t<div class=\"elementor-element elementor-element-59f0a98 e-con-full e-flex elementor-invisible e-con e-child\" data-id=\"59f0a98\" data-element_type=\"container\" data-settings=\"{&quot;animation&quot;:&quot;fadeInLeft&quot;}\">\n\t\t\t\t<div class=\"elementor-element elementor-element-ee3e359 elementor-widget elementor-widget-image\" data-id=\"ee3e359\" data-element_type=\"widget\" data-widget_type=\"image.default\">\n\t\t\t\t<div class=\"elementor-widget-container\">\n\t\t\t\t\t\t\t\t\t\t\t\t\t\t\t<img fetchpriority=\"high\" decoding=\"async\" width=\"740\" height=\"1295\" src=\"https:\/\/gamcaafrica.com\/wp-content\/uploads\/2025\/05\/dubai.avif\" class=\"attachment-full size-full wp-image-743\" alt=\"\" srcset=\"https:\/\/gamcaafrica.com\/wp-content\/uploads\/2025\/05\/dubai.avif 740w, https:\/\/gamcaafrica.com\/wp-content\/uploads\/2025\/05\/dubai-171x300.avif 171w, https:\/\/gamcaafrica.com\/wp-content\/uploads\/2025\/05\/dubai-585x1024.avif 585w\" sizes=\"(max-width: 740px) 100vw, 740px\" \/>\t\t\t\t\t\t\t\t\t\t\t\t\t\t\t<\/div>\n\t\t\t\t<\/div>\n\t\t\t\t<\/div>\n\t\t<div class=\"elementor-element elementor-element-22a3ed2 e-con-full e-flex elementor-invisible e-con e-child\" data-id=\"22a3ed2\" data-element_type=\"container\" data-settings=\"{&quot;animation&quot;:&quot;fadeInRight&quot;}\">\n\t\t\t\t<div class=\"elementor-element elementor-element-01b6579 elementor-widget elementor-widget-heading\" data-id=\"01b6579\" data-element_type=\"widget\" data-widget_type=\"heading.default\">\n\t\t\t\t<div class=\"elementor-widget-container\">\n\t\t\t\t\t<h2 class=\"elementor-heading-title elementor-size-default\">Gamca M\u00e9dical \u00c9mirats Arabes Unis<\/h2>\t\t\t\t<\/div>\n\t\t\t\t<\/div>\n\t\t\t\t<div class=\"elementor-element elementor-element-42d1acc elementor-widget elementor-widget-text-editor\" data-id=\"42d1acc\" data-element_type=\"widget\" data-widget_type=\"text-editor.default\">\n\t\t\t\t<div class=\"elementor-widget-container\">\n\t\t\t\t\t\t\t\t\t<p class=\"\" data-start=\"79\" data-end=\"340\">La <strong data-start=\"83\" data-end=\"113\">\u00c9mirats Arabes Unis (EAU)<\/strong>Les \u00c9mirats arabes unis, souvent appel\u00e9s simplement \u00ab les \u00c9mirats \u00bb, sont situ\u00e9s en Asie occidentale, \u00e0 l'extr\u00e9mit\u00e9 orientale de la p\u00e9ninsule arabique. Ils partagent des fronti\u00e8res terrestres avec Oman et l\u2019Arabie saoudite, ainsi que des fronti\u00e8res maritimes dans le golfe Persique avec le Qatar et l\u2019Iran.<\/p><p class=\"\" data-start=\"342\" data-end=\"651\">En 2013, les \u00c9mirats arabes unis d\u00e9tenaient le \/ la <strong data-start=\"371\" data-end=\"421\">En 2013, les \u00c9mirats arabes unis d\u00e9tenaient la cinqui\u00e8me plus grande population migrante internationale.<\/strong> in the world, with <strong data-start=\"441\" data-end=\"465\">7,8 millions de migrants<\/strong> Sur une population totale de 9,2 millions. Les travailleurs migrants forment l'\u00e9pine dorsale de l'\u00e9conomie des \u00c9mirats arabes unis, repr\u00e9sentant environ <strong data-start=\"581\" data-end=\"615\">80 % de la population r\u00e9sidente<\/strong> and <strong data-start=\"620\" data-end=\"650\">90 % de la main-d'\u0153uvre totale<\/strong>.<\/p><p class=\"\" data-start=\"653\" data-end=\"937\">Si vous pr\u00e9voyez de vous rendre aux \u00c9mirats arabes unis pour un emploi ou pour y r\u00e9sider, <strong data-start=\"722\" data-end=\"847\">Un examen m\u00e9dical avant le d\u00e9part dans un centre autoris\u00e9 par le GAMCA (Association des Centres M\u00e9dicaux Agr\u00e9\u00e9s du Golfe) est obligatoire.<\/strong>Ce test garantit que les candidats r\u00e9pondent aux normes de sant\u00e9 exig\u00e9es par les autorit\u00e9s des \u00c9mirats arabes unis.<\/p>\t\t\t\t\t\t\t\t<\/div>\n\t\t\t\t<\/div>\n\t\t\t\t<div class=\"elementor-element elementor-element-eb417f5 elementor-align-center elementor-mobile-align-justify elementor-widget elementor-widget-button\" data-id=\"eb417f5\" data-element_type=\"widget\" data-widget_type=\"button.default\">\n\t\t\t\t<div class=\"elementor-widget-container\">\n\t\t\t\t\t\t\t\t\t<div class=\"elementor-button-wrapper\">\n\t\t\t\t\t<a class=\"elementor-button elementor-button-link elementor-size-md\" href=\"https:\/\/wafidconsultants.com\/fr\/online-booking\/\" target=\"_blank\">\n\t\t\t\t\t\t<span class=\"elementor-button-content-wrapper\">\n\t\t\t\t\t\t<span class=\"elementor-button-icon\">\n\t\t\t\t<svg aria-hidden=\"true\" class=\"e-font-icon-svg e-far-calendar-alt\" viewbox=\"0 0 448 512\" xmlns=\"http:\/\/www.w3.org\/2000\/svg\"><path d=\"M148 288h-40c-6.6 0-12-5.4-12-12v-40c0-6.6 5.4-12 12-12h40c6.6 0 12 5.4 12 12v40c0 6.6-5.4 12-12 12zm108-12v-40c0-6.6-5.4-12-12-12h-40c-6.6 0-12 5.4-12 12v40c0 6.6 5.4 12 12 12h40c6.6 0 12-5.4 12-12zm96 0v-40c0-6.6-5.4-12-12-12h-40c-6.6 0-12 5.4-12 12v40c0 6.6 5.4 12 12 12h40c6.6 0 12-5.4 12-12zm-96 96v-40c0-6.6-5.4-12-12-12h-40c-6.6 0-12 5.4-12 12v40c0 6.6 5.4 12 12 12h40c6.6 0 12-5.4 12-12zm-96 0v-40c0-6.6-5.4-12-12-12h-40c-6.6 0-12 5.4-12 12v40c0 6.6 5.4 12 12 12h40c6.6 0 12-5.4 12-12zm192 0v-40c0-6.6-5.4-12-12-12h-40c-6.6 0-12 5.4-12 12v40c0 6.6 5.4 12 12 12h40c6.6 0 12-5.4 12-12zm96-260v352c0 26.5-21.5 48-48 48H48c-26.5 0-48-21.5-48-48V112c0-26.5 21.5-48 48-48h48V12c0-6.6 5.4-12 12-12h40c6.6 0 12 5.4 12 12v52h128V12c0-6.6 5.4-12 12-12h40c6.6 0 12 5.4 12 12v52h48c26.5 0 48 21.5 48 48zm-48 346V160H48v298c0 3.3 2.7 6 6 6h340c3.3 0 6-2.7 6-6z\"><\/path><\/svg>\t\t\t<\/span>\n\t\t\t\t\t\t\t\t\t<span class=\"elementor-button-text\">R\u00e9servez votre rendez-vous<\/span>\n\t\t\t\t\t<\/span>\n\t\t\t\t\t<\/a>\n\t\t\t\t<\/div>\n\t\t\t\t\t\t\t\t<\/div>\n\t\t\t\t<\/div>\n\t\t\t\t<div class=\"elementor-element elementor-element-ef51528 elementor-align-center elementor-mobile-align-justify elementor-widget elementor-widget-button\" data-id=\"ef51528\" data-element_type=\"widget\" data-widget_type=\"button.default\">\n\t\t\t\t<div class=\"elementor-widget-container\">\n\t\t\t\t\t\t\t\t\t<div class=\"elementor-button-wrapper\">\n\t\t\t\t\t<a class=\"elementor-button elementor-button-link elementor-size-md\" href=\"https:\/\/wa.me\/971559826818\" target=\"_blank\">\n\t\t\t\t\t\t<span class=\"elementor-button-content-wrapper\">\n\t\t\t\t\t\t<span class=\"elementor-button-icon\">\n\t\t\t\t<svg aria-hidden=\"true\" class=\"e-font-icon-svg e-fab-whatsapp\" viewbox=\"0 0 448 512\" xmlns=\"http:\/\/www.w3.org\/2000\/svg\"><path d=\"M380.9 97.1C339 55.1 283.2 32 223.9 32c-122.4 0-222 99.6-222 222 0 39.1 10.2 77.3 29.6 111L0 480l117.7-30.9c32.4 17.7 68.9 27 106.1 27h.1c122.3 0 224.1-99.6 224.1-222 0-59.3-25.2-115-67.1-157zm-157 341.6c-33.2 0-65.7-8.9-94-25.7l-6.7-4-69.8 18.3L72 359.2l-4.4-7c-18.5-29.4-28.2-63.3-28.2-98.2 0-101.7 82.8-184.5 184.6-184.5 49.3 0 95.6 19.2 130.4 54.1 34.8 34.9 56.2 81.2 56.1 130.5 0 101.8-84.9 184.6-186.6 184.6zm101.2-138.2c-5.5-2.8-32.8-16.2-37.9-18-5.1-1.9-8.8-2.8-12.5 2.8-3.7 5.6-14.3 18-17.6 21.8-3.2 3.7-6.5 4.2-12 1.4-32.6-16.3-54-29.1-75.5-66-5.7-9.8 5.7-9.1 16.3-30.3 1.8-3.7.9-6.9-.5-9.7-1.4-2.8-12.5-30.1-17.1-41.2-4.5-10.8-9.1-9.3-12.5-9.5-3.2-.2-6.9-.2-10.6-.2-3.7 0-9.7 1.4-14.8 6.9-5.1 5.6-19.4 19-19.4 46.3 0 27.3 19.9 53.7 22.6 57.4 2.8 3.7 39.1 59.7 94.8 83.8 35.2 15.2 49 16.5 66.6 13.9 10.7-1.6 32.8-13.4 37.4-26.4 4.6-13 4.6-24.1 3.2-26.4-1.3-2.5-5-3.9-10.5-6.6z\"><\/path><\/svg>\t\t\t<\/span>\n\t\t\t\t\t\t\t\t\t<span class=\"elementor-button-text\">R\u00e9servez via WhatsApp<\/span>\n\t\t\t\t\t<\/span>\n\t\t\t\t\t<\/a>\n\t\t\t\t<\/div>\n\t\t\t\t\t\t\t\t<\/div>\n\t\t\t\t<\/div>\n\t\t\t\t<\/div>\n\t\t\t\t\t<\/div>\n\t\t\t\t<\/div>\n\t\t\t\t<\/div>","protected":false},"excerpt":{"rendered":"<p>UAE Gamca Medical UAE The United Arab Emirates (UAE), often referred to simply as the Emirates, is located in Western Asia at the eastern end of the Arabian Peninsula. It shares land borders with Oman and Saudi Arabia and maritime borders in the Persian Gulf with Qatar and Iran. As of 2013, the UAE held [&hellip;]<\/p>","protected":false},"author":1,"featured_media":0,"parent":0,"menu_order":0,"comment_status":"closed","ping_status":"closed","template":"elementor_header_footer","meta":{"footnotes":""},"class_list":["post-741","page","type-page","status-publish","hentry"],"_links":{"self":[{"href":"https:\/\/gamcaafrica.com\/fr\/wp-json\/wp\/v2\/pages\/741","targetHints":{"allow":["GET"]}}],"collection":[{"href":"https:\/\/gamcaafrica.com\/fr\/wp-json\/wp\/v2\/pages"}],"about":[{"href":"https:\/\/gamcaafrica.com\/fr\/wp-json\/wp\/v2\/types\/page"}],"author":[{"embeddable":true,"href":"https:\/\/gamcaafrica.com\/fr\/wp-json\/wp\/v2\/users\/1"}],"replies":[{"embeddable":true,"href":"https:\/\/gamcaafrica.com\/fr\/wp-json\/wp\/v2\/comments?post=741"}],"version-history":[{"count":7,"href":"https:\/\/gamcaafrica.com\/fr\/wp-json\/wp\/v2\/pages\/741\/revisions"}],"predecessor-version":[{"id":991,"href":"https:\/\/gamcaafrica.com\/fr\/wp-json\/wp\/v2\/pages\/741\/revisions\/991"}],"wp:attachment":[{"href":"https:\/\/gamcaafrica.com\/fr\/wp-json\/wp\/v2\/media?parent=741"}],"curies":[{"name":"wp","href":"https:\/\/api.w.org\/{rel}","templated":true}]}}